{"id":1790,"date":"2020-12-08T17:09:17","date_gmt":"2020-12-08T16:09:17","guid":{"rendered":"http:\/\/www.ferienhaus-dietzel.de\/content\/de\/?page_id=1790"},"modified":"2026-01-11T08:42:22","modified_gmt":"2026-01-11T07:42:22","slug":"wohnen-in-chemnitz","status":"publish","type":"page","link":"https:\/\/ferienhaus-dietzel.de\/content\/de\/","title":{"rendered":"Wohnen in Chemnitz"},"content":{"rendered":"<p>Im Jahr 2021 und 2022 entstanden in einem der beliebtesten Wohngebiete von Chemnitz auf dem Ka\u00dfberg neuer Wohnraum. Erf\u00fcllen Sie sich Ihren Traum vom zentrumsnahen, dennoch ruhigen Leben in einer komfortablen Etagenwohnung. Zur Auswahl stehen:<\/p>\n<p><strong>Ab Sommer 2021 in der Ka\u00dfbergstr. 16, 09112 Chemnitz-Ka\u00dfberg:<\/strong><br \/>\n<strong>4-Raum Neubauetagenwohnung: vermietet ab 20.09.2021<\/strong><\/p>\n<figure id=\"attachment_1791\" aria-describedby=\"caption-attachment-1791\" style=\"width: 525px\" class=\"wp-caption alignnone\"><a href=\"http:\/\/www.ferienhaus-dietzel.de\/content\/data\/uploads\/2020\/12\/Kassberg-Vorderansicht-1.jpg\"><img loading=\"lazy\" decoding=\"async\" class=\"wp-image-1791 size-large\" src=\"http:\/\/www.ferienhaus-dietzel.de\/content\/data\/uploads\/2020\/12\/Kassberg-Vorderansicht-1-1024x390.jpg\" alt=\"\" width=\"525\" height=\"200\" srcset=\"https:\/\/ferienhaus-dietzel.de\/content\/data\/uploads\/2020\/12\/Kassberg-Vorderansicht-1-1024x390.jpg 1024w, https:\/\/ferienhaus-dietzel.de\/content\/data\/uploads\/2020\/12\/Kassberg-Vorderansicht-1-300x114.jpg 300w, https:\/\/ferienhaus-dietzel.de\/content\/data\/uploads\/2020\/12\/Kassberg-Vorderansicht-1-768x292.jpg 768w, https:\/\/ferienhaus-dietzel.de\/content\/data\/uploads\/2020\/12\/Kassberg-Vorderansicht-1.jpg 1366w\" sizes=\"auto, (max-width: 525px) 100vw, 525px\" \/><\/a><figcaption id=\"caption-attachment-1791\" class=\"wp-caption-text\">Komfortable 4-Raumetagenwohnung<\/figcaption><\/figure>\n<figure id=\"attachment_1792\" aria-describedby=\"caption-attachment-1792\" style=\"width: 300px\" class=\"wp-caption alignnone\"><a href=\"http:\/\/www.ferienhaus-dietzel.de\/content\/data\/uploads\/2020\/12\/Kassberg-Hinteransicht-2.jpg\"><img loading=\"lazy\" decoding=\"async\" class=\"wp-image-1792 size-medium\" src=\"http:\/\/www.ferienhaus-dietzel.de\/content\/data\/uploads\/2020\/12\/Kassberg-Hinteransicht-2-300x122.jpg\" alt=\"\" width=\"300\" height=\"122\" srcset=\"https:\/\/ferienhaus-dietzel.de\/content\/data\/uploads\/2020\/12\/Kassberg-Hinteransicht-2-300x122.jpg 300w, https:\/\/ferienhaus-dietzel.de\/content\/data\/uploads\/2020\/12\/Kassberg-Hinteransicht-2-768x313.jpg 768w, https:\/\/ferienhaus-dietzel.de\/content\/data\/uploads\/2020\/12\/Kassberg-Hinteransicht-2.jpg 1022w\" sizes=\"auto, (max-width: 300px) 100vw, 300px\" \/><\/a><figcaption id=\"caption-attachment-1792\" class=\"wp-caption-text\">Neubau Ka\u00dfbergstr. 16<\/figcaption><\/figure>\n<figure id=\"attachment_1793\" aria-describedby=\"caption-attachment-1793\" style=\"width: 184px\" class=\"wp-caption alignnone\"><a href=\"http:\/\/www.ferienhaus-dietzel.de\/content\/data\/uploads\/2020\/12\/Kassberg-Schnitt-1.jpg\"><img loading=\"lazy\" decoding=\"async\" class=\"size-medium wp-image-1793\" src=\"http:\/\/www.ferienhaus-dietzel.de\/content\/data\/uploads\/2020\/12\/Kassberg-Schnitt-1-184x300.jpg\" alt=\"\" width=\"184\" height=\"300\" srcset=\"https:\/\/ferienhaus-dietzel.de\/content\/data\/uploads\/2020\/12\/Kassberg-Schnitt-1-184x300.jpg 184w, https:\/\/ferienhaus-dietzel.de\/content\/data\/uploads\/2020\/12\/Kassberg-Schnitt-1.jpg 369w\" sizes=\"auto, (max-width: 184px) 100vw, 184px\" \/><\/a><figcaption id=\"caption-attachment-1793\" class=\"wp-caption-text\">Schnitt der 4-Raum Etagenwohnung<\/figcaption><\/figure>\n<figure id=\"attachment_1816\" aria-describedby=\"caption-attachment-1816\" style=\"width: 300px\" class=\"wp-caption alignnone\"><a href=\"http:\/\/www.ferienhaus-dietzel.de\/content\/data\/uploads\/2020\/12\/IMG-20201024-WA0002_1.jpg\"><img loading=\"lazy\" decoding=\"async\" class=\"size-medium wp-image-1816\" src=\"http:\/\/www.ferienhaus-dietzel.de\/content\/data\/uploads\/2020\/12\/IMG-20201024-WA0002_1-300x225.jpg\" alt=\"\" width=\"300\" height=\"225\" srcset=\"https:\/\/ferienhaus-dietzel.de\/content\/data\/uploads\/2020\/12\/IMG-20201024-WA0002_1-300x225.jpg 300w, https:\/\/ferienhaus-dietzel.de\/content\/data\/uploads\/2020\/12\/IMG-20201024-WA0002_1-1024x769.jpg 1024w, https:\/\/ferienhaus-dietzel.de\/content\/data\/uploads\/2020\/12\/IMG-20201024-WA0002_1-768x576.jpg 768w, https:\/\/ferienhaus-dietzel.de\/content\/data\/uploads\/2020\/12\/IMG-20201024-WA0002_1.jpg 1439w\" sizes=\"auto, (max-width: 300px) 100vw, 300px\" \/><\/a><figcaption id=\"caption-attachment-1816\" class=\"wp-caption-text\">Baufortschritt im Oktober 2020<\/figcaption><\/figure>\n<figure id=\"attachment_1912\" aria-describedby=\"caption-attachment-1912\" style=\"width: 300px\" class=\"wp-caption alignnone\"><a href=\"http:\/\/www.ferienhaus-dietzel.de\/content\/data\/uploads\/2021\/09\/IMG_20210912_085937_51-scaled.jpg\"><img loading=\"lazy\" decoding=\"async\" class=\"wp-image-1912 size-medium\" src=\"http:\/\/www.ferienhaus-dietzel.de\/content\/data\/uploads\/2021\/09\/IMG_20210912_085937_51-300x225.jpg\" alt=\"Fertig gestellt: 20.09.2021\" width=\"300\" height=\"225\" srcset=\"https:\/\/ferienhaus-dietzel.de\/content\/data\/uploads\/2021\/09\/IMG_20210912_085937_51-300x225.jpg 300w, https:\/\/ferienhaus-dietzel.de\/content\/data\/uploads\/2021\/09\/IMG_20210912_085937_51-1024x768.jpg 1024w, https:\/\/ferienhaus-dietzel.de\/content\/data\/uploads\/2021\/09\/IMG_20210912_085937_51-768x576.jpg 768w, https:\/\/ferienhaus-dietzel.de\/content\/data\/uploads\/2021\/09\/IMG_20210912_085937_51-1536x1152.jpg 1536w, https:\/\/ferienhaus-dietzel.de\/content\/data\/uploads\/2021\/09\/IMG_20210912_085937_51-2048x1536.jpg 2048w\" sizes=\"auto, (max-width: 300px) 100vw, 300px\" \/><\/a><figcaption id=\"caption-attachment-1912\" class=\"wp-caption-text\">Fertig gestellt: 20.09.2021<\/figcaption><\/figure>\n<figure id=\"attachment_1914\" aria-describedby=\"caption-attachment-1914\" style=\"width: 300px\" class=\"wp-caption alignnone\"><a href=\"http:\/\/www.ferienhaus-dietzel.de\/content\/data\/uploads\/2021\/09\/IMG_20210912_090001_31-scaled.jpg\"><img loading=\"lazy\" decoding=\"async\" class=\"wp-image-1914 size-medium\" src=\"http:\/\/www.ferienhaus-dietzel.de\/content\/data\/uploads\/2021\/09\/IMG_20210912_090001_31-300x225.jpg\" alt=\"Einzug am 20.09.2021\" width=\"300\" height=\"225\" srcset=\"https:\/\/ferienhaus-dietzel.de\/content\/data\/uploads\/2021\/09\/IMG_20210912_090001_31-300x225.jpg 300w, https:\/\/ferienhaus-dietzel.de\/content\/data\/uploads\/2021\/09\/IMG_20210912_090001_31-1024x768.jpg 1024w, https:\/\/ferienhaus-dietzel.de\/content\/data\/uploads\/2021\/09\/IMG_20210912_090001_31-768x576.jpg 768w, https:\/\/ferienhaus-dietzel.de\/content\/data\/uploads\/2021\/09\/IMG_20210912_090001_31-1536x1152.jpg 1536w, https:\/\/ferienhaus-dietzel.de\/content\/data\/uploads\/2021\/09\/IMG_20210912_090001_31-2048x1536.jpg 2048w\" sizes=\"auto, (max-width: 300px) 100vw, 300px\" \/><\/a><figcaption id=\"caption-attachment-1914\" class=\"wp-caption-text\">Einzug am 20.09.2021<\/figcaption><\/figure>\n<p>Ausstattungsmerkmale:<br \/>\n\u20224-Raum Etagenwohnung mit 115 qm Wohnfl\u00e4che,<br \/>\n\u2022Balkon 6 qm,<br \/>\n\u2022Tiefgaragenstellplatz mit Elektroanschluss f\u00fcr Wallbox (Ladestation f\u00fcr E-Auto),<br \/>\n\u2022Aufzug,<br \/>\n\u2022Hochwertige Bodenbel\u00e4ge: Bad, G\u00e4ste WC gefliest (Fliesen Thomas Burgst\u00e4dt), Wohnr\u00e4ume Laminat Eiche astig,<br \/>\n\u2022Angenehmes Raumklima durch Fu\u00dfbodenheizung und Au\u00dfenrolladen (mit Elektroantrieb) und fu\u00dfbodentiefe Fenster,<br \/>\n\u2022Anschlussm\u00f6glichkeit f\u00fcr Kochinsel,<br \/>\n\u2022Ruhige Wohnlage mit Gr\u00fcnfl\u00e4che auf gegen\u00fcberliegender Stra\u00dfenseite,<br \/>\n\u2022Kita, Einkaufsm\u00e4rkte, Restaurants, Fitnessstudio fu\u00dfl\u00e4ufig erreichbar.<\/p>\n<p>Miete: 8,50\u20ac Kaltmiete\/qm<\/p>\n<p>Mietinteressenten wenden sich bitte an Alexander Dietzel:<br \/>\ninfo@ferienhaus-dietzel.de oder +49 1516 72239623<\/p>\n<p>&nbsp;<\/p>\n<p><strong>Ab Sommer2022 in der Andrestr. \/Ecke Walter-Oertel-Str., 09112 Chemnitz-Ka\u00dfberg: 3-Raum Neubauetagenwohnung:<\/strong> vermietet am 23.09.2021<\/p>\n<figure id=\"attachment_1806\" aria-describedby=\"caption-attachment-1806\" style=\"width: 300px\" class=\"wp-caption alignnone\"><a href=\"http:\/\/www.ferienhaus-dietzel.de\/content\/data\/uploads\/2020\/12\/Andrestr..jpg\"><img loading=\"lazy\" decoding=\"async\" class=\"size-medium wp-image-1806\" src=\"http:\/\/www.ferienhaus-dietzel.de\/content\/data\/uploads\/2020\/12\/Andrestr.-300x123.jpg\" alt=\"\" width=\"300\" height=\"123\" srcset=\"https:\/\/ferienhaus-dietzel.de\/content\/data\/uploads\/2020\/12\/Andrestr.-300x123.jpg 300w, https:\/\/ferienhaus-dietzel.de\/content\/data\/uploads\/2020\/12\/Andrestr.-1024x418.jpg 1024w, https:\/\/ferienhaus-dietzel.de\/content\/data\/uploads\/2020\/12\/Andrestr.-768x314.jpg 768w, https:\/\/ferienhaus-dietzel.de\/content\/data\/uploads\/2020\/12\/Andrestr..jpg 1268w\" sizes=\"auto, (max-width: 300px) 100vw, 300px\" \/><\/a><figcaption id=\"caption-attachment-1806\" class=\"wp-caption-text\">Komfortable 3-Raumetagenwohnung<\/figcaption><\/figure>\n<figure id=\"attachment_1808\" aria-describedby=\"caption-attachment-1808\" style=\"width: 300px\" class=\"wp-caption alignnone\"><a href=\"http:\/\/www.ferienhaus-dietzel.de\/content\/data\/uploads\/2020\/12\/Andrestr.-2-1.jpg\"><img loading=\"lazy\" decoding=\"async\" class=\"size-medium wp-image-1808\" src=\"http:\/\/www.ferienhaus-dietzel.de\/content\/data\/uploads\/2020\/12\/Andrestr.-2-1-300x99.jpg\" alt=\"\" width=\"300\" height=\"99\" srcset=\"https:\/\/ferienhaus-dietzel.de\/content\/data\/uploads\/2020\/12\/Andrestr.-2-1-300x99.jpg 300w, https:\/\/ferienhaus-dietzel.de\/content\/data\/uploads\/2020\/12\/Andrestr.-2-1-1024x336.jpg 1024w, https:\/\/ferienhaus-dietzel.de\/content\/data\/uploads\/2020\/12\/Andrestr.-2-1-768x252.jpg 768w, https:\/\/ferienhaus-dietzel.de\/content\/data\/uploads\/2020\/12\/Andrestr.-2-1.jpg 1309w\" sizes=\"auto, (max-width: 300px) 100vw, 300px\" \/><\/a><figcaption id=\"caption-attachment-1808\" class=\"wp-caption-text\">Neubau Andrestr. Chemnitz\/Ka\u00dfberg<\/figcaption><\/figure>\n<figure id=\"attachment_1810\" aria-describedby=\"caption-attachment-1810\" style=\"width: 191px\" class=\"wp-caption alignnone\"><a href=\"http:\/\/www.ferienhaus-dietzel.de\/content\/data\/uploads\/2020\/12\/Andrestr.-3-1.jpg\"><img loading=\"lazy\" decoding=\"async\" class=\"wp-image-1810 size-medium\" src=\"http:\/\/www.ferienhaus-dietzel.de\/content\/data\/uploads\/2020\/12\/Andrestr.-3-1-191x300.jpg\" alt=\"Schnitt 3-Raumetagenwohnung\" width=\"191\" height=\"300\" srcset=\"https:\/\/ferienhaus-dietzel.de\/content\/data\/uploads\/2020\/12\/Andrestr.-3-1-191x300.jpg 191w, https:\/\/ferienhaus-dietzel.de\/content\/data\/uploads\/2020\/12\/Andrestr.-3-1.jpg 382w\" sizes=\"auto, (max-width: 191px) 100vw, 191px\" \/><\/a><figcaption id=\"caption-attachment-1810\" class=\"wp-caption-text\">Schnitt 3-Raumetagenwohnung<\/figcaption><\/figure>\n<figure id=\"attachment_2029\" aria-describedby=\"caption-attachment-2029\" style=\"width: 225px\" class=\"wp-caption alignnone\"><a href=\"http:\/\/www.ferienhaus-dietzel.de\/content\/data\/uploads\/2022\/08\/IMG_20220802_152348_81-scaled.jpg\"><img loading=\"lazy\" decoding=\"async\" src=\"http:\/\/www.ferienhaus-dietzel.de\/content\/data\/uploads\/2022\/08\/IMG_20220802_152348_81-225x300.jpg\" alt=\"Fertiges Geb\u00e4ude im August 2022\" width=\"225\" height=\"300\" class=\"size-medium wp-image-2029\" srcset=\"https:\/\/ferienhaus-dietzel.de\/content\/data\/uploads\/2022\/08\/IMG_20220802_152348_81-225x300.jpg 225w, https:\/\/ferienhaus-dietzel.de\/content\/data\/uploads\/2022\/08\/IMG_20220802_152348_81-768x1024.jpg 768w, https:\/\/ferienhaus-dietzel.de\/content\/data\/uploads\/2022\/08\/IMG_20220802_152348_81-1152x1536.jpg 1152w, https:\/\/ferienhaus-dietzel.de\/content\/data\/uploads\/2022\/08\/IMG_20220802_152348_81-1536x2048.jpg 1536w, https:\/\/ferienhaus-dietzel.de\/content\/data\/uploads\/2022\/08\/IMG_20220802_152348_81-scaled.jpg 1920w\" sizes=\"auto, (max-width: 225px) 100vw, 225px\" \/><\/a><figcaption id=\"caption-attachment-2029\" class=\"wp-caption-text\">Fertiges Geb\u00e4ude im August 2022<\/figcaption><\/figure>\n<p>Ausstattungsmerkmale:<br \/>\n\u20223-Raum Etagenwohnung mit 94 qm Wohnfl\u00e4che,<br \/>\n\u2022Balkon 5,3 qm + Balkon 2,2 qm,<br \/>\n\u2022Tiefgaragenstellplatz mit Elektroanschluss f\u00fcr Wallbox (Ladestation f\u00fcr E-Auto),<br \/>\n\u2022Aufzug,<br \/>\n\u2022Hochwertige Bodenbel\u00e4ge: Bad\/WC gefliest (Fliesen Thomas Burgst\u00e4dt), Wohnr\u00e4ume Laminat Eiche astig,<br \/>\n\u2022Angenehmes Raumklima durch Fu\u00dfbodenheizung und Au\u00dfenrolladen (mit Elektroantrieb) und fu\u00dfbodentiefe Fenster,<br \/>\n\u2022Ruhige Wohnlage mit Gr\u00fcnfl\u00e4che Andrepark in unmittelbarer N\u00e4he,<br \/>\n\u2022Kita, Gymnasium, Einkaufsm\u00e4rkte, Restaurants, Fitnessstudio fu\u00dfl\u00e4ufig erreichbar.<\/p>\n<p>Miete: 8,50\u20ac Kaltmiete\/qm<\/p>\n<p>Mietinteressenten wenden sich bitte an Alexander Dietzel:<br \/>\ninfo@ferienhaus-dietzel.de oder +49 1516 72239623<\/p>\n","protected":false},"excerpt":{"rendered":"<p>Im Jahr 2021 und 2022 entstanden in einem der beliebtesten Wohngebiete von Chemnitz auf dem Ka\u00dfberg neuer Wohnraum. Erf\u00fcllen Sie sich Ihren Traum vom zentrumsnahen, dennoch ruhigen Leben in einer komfortablen Etagenwohnung. Zur Auswahl stehen: Ab Sommer 2021 in der Ka\u00dfbergstr. 16, 09112 Chemnitz-Ka\u00dfberg: 4-Raum Neubauetagenwohnung: vermietet ab 20.09.2021 Ausstattungsmerkmale: \u20224-Raum Etagenwohnung mit 115 qm &hellip; <\/p>\n<p class=\"link-more\"><a href=\"https:\/\/ferienhaus-dietzel.de\/content\/de\/\" class=\"more-link\"><span class=\"screen-reader-text\">\u201eWohnen in Chemnitz\u201c <\/span>weiterlesen<\/a><\/p>\n","protected":false},"author":1,"featured_media":0,"parent":0,"menu_order":0,"comment_status":"closed","ping_status":"closed","template":"","meta":{"footnotes":""},"class_list":["post-1790","page","type-page","status-publish","hentry"],"_links":{"self":[{"href":"https:\/\/ferienhaus-dietzel.de\/content\/de\/wp-json\/wp\/v2\/pages\/1790","targetHints":{"allow":["GET"]}}],"collection":[{"href":"https:\/\/ferienhaus-dietzel.de\/content\/de\/wp-json\/wp\/v2\/pages"}],"about":[{"href":"https:\/\/ferienhaus-dietzel.de\/content\/de\/wp-json\/wp\/v2\/types\/page"}],"author":[{"embeddable":true,"href":"https:\/\/ferienhaus-dietzel.de\/content\/de\/wp-json\/wp\/v2\/users\/1"}],"replies":[{"embeddable":true,"href":"https:\/\/ferienhaus-dietzel.de\/content\/de\/wp-json\/wp\/v2\/comments?post=1790"}],"version-history":[{"count":22,"href":"https:\/\/ferienhaus-dietzel.de\/content\/de\/wp-json\/wp\/v2\/pages\/1790\/revisions"}],"predecessor-version":[{"id":2258,"href":"https:\/\/ferienhaus-dietzel.de\/content\/de\/wp-json\/wp\/v2\/pages\/1790\/revisions\/2258"}],"wp:attachment":[{"href":"https:\/\/ferienhaus-dietzel.de\/content\/de\/wp-json\/wp\/v2\/media?parent=1790"}],"curies":[{"name":"wp","href":"https:\/\/api.w.org\/{rel}","templated":true}]}}