{"id":10,"date":"2013-03-06T09:08:31","date_gmt":"2013-03-06T08:08:31","guid":{"rendered":"http:\/\/www.ferienhaus-dietzel.de\/content\/de\/?page_id=10"},"modified":"2021-03-22T09:34:10","modified_gmt":"2021-03-22T08:34:10","slug":"impressum","status":"publish","type":"page","link":"https:\/\/ferienhaus-dietzel.de\/content\/de\/impressum\/","title":{"rendered":"Impressum"},"content":{"rendered":"<div class=\"content-primary\">Alexander Dietzel<br \/>\nDorfstra\u00dfe 25b<br \/>\n08233 Hartmannsgr\u00fcn<br \/>\nGERMANY<br \/>\n<!--more--><br \/>\nTelefon: <a href=\"tel:+4915167223962\">+49 151 67223962<\/a><br \/>\nE-Mail: info(at)ferienhaus-dietzel.de<br \/>\nWeb: <a href=\"http:\/\/www.ferienhaus-dietzel.de\/\">www.ferienhaus-dietzel.de<\/a><\/div>\n<div class=\"content-primary\">Inhaltlich Verantwortlicher gem\u00e4\u00df \u00a7 5 TMG \/ \u00a7 6 MDStV: Alexander Dietzel<\/div>\n<h2 class=\"content-primary\">Ab sofort finden Sie uns auch auf folgenden Seiten:<\/h2>\n<ul>\n<li><a href=\"https:\/\/www.ferienhausmiete.de\/61287.htm\" target=\"_blank\" rel=\"noopener noreferrer\">www.ferienhausmiete.de<\/a><\/li>\n<li><a href=\"https:\/\/www.traum-ferienwohnungen.de\/82251\/\" target=\"_blank\" rel=\"noopener noreferrer\">www.traum-ferienwohnungen.de<\/a><\/li>\n<\/ul>\n<h2>Bildnachweis<\/h2>\n<ul>\n<li>private Quellen<\/li>\n<li>Interiorfotos auf der Seite &#8222;Willkommen&#8220;: Copyright \u00a9 2013 Mandy Knuth, <a href=\"http:\/\/www.fotograefinnen.de\/\" target=\"_blank\" rel=\"noopener noreferrer\">www.fotograefinnen.de<\/a><\/li>\n<li><a href=\"http:\/\/de.fotolia.com\/\" target=\"_blank\" rel=\"noopener noreferrer\">Fotolia<\/a><\/li>\n<li><a href=\"http:\/\/www.sxc.hu\/\" target=\"_blank\" rel=\"noopener noreferrer\">stock.xchng<\/a><\/li>\n<\/ul>\n<h2>Technische Unterst\u00fctzung<\/h2>\n<p>Steffen Liersch, 08289 Schneeberg<br \/>\n<a href=\"https:\/\/www.steffen-liersch.de\/\" target=\"_blank\" rel=\"noopener noreferrer\">www.steffen-liersch.de<\/a><\/p>\n<div class=\"content-secondary\">\n<h2>Urheberrecht<\/h2>\n<p>Die angebotenen Inhalte unterliegen dem Urheberrechtsgesetz und anderen Schutzrechten. Die Reproduktion, \u00dcbersetzung oder weitere Verwertung der Inhalte in digitaler oder gedruckter Form ist ohne ausdr\u00fcckliche Genehmigung nicht gestattet.<\/p>\n<h2>Marken- und Warenzeichen<\/h2>\n<p>Alle innerhalb des Internetangebotes genannten und ggf. durch Dritte gesch\u00fctzten Marken- und Warenzeichen unterliegen uneingeschr\u00e4nkt den Bestimmungen des jeweils g\u00fcltigen Kennzeichenrechts und den Besitzrechten der jeweiligen eingetragenen Eigent\u00fcmer. Allein aufgrund der blo\u00dfen Nennung ist nicht der Schluss zu ziehen, dass Markenzeichen nicht durch Rechte Dritter gesch\u00fctzt sind.<\/p>\n<h2>Haftungsausschluss<\/h2>\n<p>F\u00fcr die ver\u00f6ffentlichten Inhalte wird keine Gew\u00e4hr f\u00fcr Aktualit\u00e4t, Vollst\u00e4ndigkeit oder Korrektheit \u00fcbernommen. Es erfolgt keine Haftung f\u00fcr Sch\u00e4den, die im Zusammenhang mit der Verwendung dieser Website und deren Inhalte stehen.<\/p>\n<p>Trotz sorgf\u00e4ltiger inhaltlicher Pr\u00fcfung wird keine Haftung f\u00fcr die Inhalte externer Seiten \u00fcbernommen. F\u00fcr den Inhalt der verlinkten Seiten sind ausschlie\u00dflich deren Betreiber verantwortlich.<\/p>\n<h2>Datenschutz<\/h2>\n<p>Diese Datenschutzerkl\u00e4rung kl\u00e4rt Sie \u00fcber die Art, den Umfang und Zweck der Verarbeitung von personenbezogenen Daten innerhalb unseres Onlineangebotes und der mit ihm verbundenen Webseiten, Funktionen und Inhalte sowie externen Onlinepr\u00e4senzen, wie z.B. unser Social Media Profile auf.<\/p>\n<p>Verantwortlicher<br \/>\nAlexander Dietzel<br \/>\nDorfstr. 25 b<br \/>\n08233 Hartmannsgr\u00fcn<br \/>\nE-Mail: info(at)ferienhaus-dietzel.de<\/p>\n<p>Arten der verarbeiteten Daten:<br \/>\n&#8211; Bestandsdaten (z.B., Namen, Adressen).<br \/>\n&#8211; Kontaktdaten (z.B., E-Mail, Telefonnummern).<br \/>\n&#8211; Nutzungsdaten (z.B., besuchte Webseiten, Interesse an Inhalten, Zugriffszeiten).<br \/>\n&#8211; Meta-\/Kommunikationsdaten (z.B., Ger\u00e4te-Informationen, IP-Adressen).<\/p>\n<p>Zweck der Verarbeitung<br \/>\n&#8211; Zurverf\u00fcgungstellung des Onlineangebotes, seiner Funktionen und Inhalte.<br \/>\n&#8211; Beantwortung von Kontaktanfragen und Kommunikation mit Nutzern.<br \/>\n&#8211; Gew\u00e4hrleistung der Aufnahme der G\u00e4ste in das Ferienhaus am Tag Ihrer Anreise durch die Firma Picobello Rusik GbR Zinnowitz<br \/>\n&#8211; Erhebung der Kurtaxe und Ausstellung der G\u00e4stekarten im Auftrag der B\u00e4derverwaltung Zempin<\/p>\n<p>Eine Weiterleitung Ihrer Daten an Dritte (au\u00dfer den oben genannten) erfolgt nicht.<\/p>\n<p>Sofern es m\u00f6glich ist, pers\u00f6nliche Informationen einzugeben, erfolgt dies auf freiwilliger Basis. Abgegebene Kommentare werden auf der Website ver\u00f6ffentlicht. Der Betreiber dieser Website beh\u00e4lt sich jedoch das Recht vor, Kommentare zu korrigieren, ggf. Teile davon oder den gesamten Kommentar zu entfernen.<\/p>\n<p>F\u00fcr diese Website werden Cookies benutzt, um sitzungsbezogene Informationen in der Cookie-Datenbank des Webbrowsers abzulegen. Sie dienen zur Wiedererkennung eines Besuchers. Des Weiteren k\u00f6nnen Cookies aufgrund der Schaltung von Anzeigen durch Dritte platziert und ausgelesen werden. Jedem Besucher steht es frei, die Cookie-Unterst\u00fctzung generell oder nur f\u00fcr diese Website zu deaktivieren.<\/p>\n<p>Jede Anfrage an den Webserver wird protokolliert. Es werden Datum und Uhrzeit der Anfrage, die \u00fcbermittelte IP-Adresse, der dazugeh\u00f6rige Hostname, Browser- und Betriebssystemkennung (HTTP-Header-Feld &#8222;User-Agent&#8220;), die URL der verweisenden Seite (HTTP-Header-Feld &#8222;Referrer&#8220;) sowie die angefragte URL gespeichert.<\/p>\n<\/div>\n","protected":false},"excerpt":{"rendered":"<p>Alexander Dietzel Dorfstra\u00dfe 25b 08233 Hartmannsgr\u00fcn GERMANY<\/p>\n","protected":false},"author":3,"featured_media":0,"parent":0,"menu_order":100,"comment_status":"closed","ping_status":"closed","template":"","meta":{"footnotes":""},"class_list":["post-10","page","type-page","status-publish","hentry"],"_links":{"self":[{"href":"https:\/\/ferienhaus-dietzel.de\/content\/de\/wp-json\/wp\/v2\/pages\/10","targetHints":{"allow":["GET"]}}],"collection":[{"href":"https:\/\/ferienhaus-dietzel.de\/content\/de\/wp-json\/wp\/v2\/pages"}],"about":[{"href":"https:\/\/ferienhaus-dietzel.de\/content\/de\/wp-json\/wp\/v2\/types\/page"}],"author":[{"embeddable":true,"href":"https:\/\/ferienhaus-dietzel.de\/content\/de\/wp-json\/wp\/v2\/users\/3"}],"replies":[{"embeddable":true,"href":"https:\/\/ferienhaus-dietzel.de\/content\/de\/wp-json\/wp\/v2\/comments?post=10"}],"version-history":[{"count":59,"href":"https:\/\/ferienhaus-dietzel.de\/content\/de\/wp-json\/wp\/v2\/pages\/10\/revisions"}],"predecessor-version":[{"id":1843,"href":"https:\/\/ferienhaus-dietzel.de\/content\/de\/wp-json\/wp\/v2\/pages\/10\/revisions\/1843"}],"wp:attachment":[{"href":"https:\/\/ferienhaus-dietzel.de\/content\/de\/wp-json\/wp\/v2\/media?parent=10"}],"curies":[{"name":"wp","href":"https:\/\/api.w.org\/{rel}","templated":true}]}}